{"id":1449,"date":"2022-12-11T15:21:28","date_gmt":"2022-12-11T15:21:28","guid":{"rendered":"https:\/\/stanuturskoj.com\/?page_id=1449"},"modified":"2022-12-11T15:39:08","modified_gmt":"2022-12-11T15:39:08","slug":"kumbag","status":"publish","type":"page","link":"https:\/\/stanuturskoj.com\/index.php\/kumbag\/","title":{"rendered":"KUMBAG"},"content":{"rendered":"\t\t<div data-elementor-type=\"wp-page\" data-elementor-id=\"1449\" class=\"elementor elementor-1449\">\n\t\t\t\t\t\t\t\t\t<section class=\"elementor-section elementor-top-section elementor-element elementor-element-e6b3206 elementor-section-boxed elementor-section-height-default elementor-section-height-default\" data-id=\"e6b3206\" data-element_type=\"section\">\n\t\t\t\t\t\t<div class=\"elementor-container elementor-column-gap-default\">\n\t\t\t\t\t<div class=\"elementor-column elementor-col-100 elementor-top-column elementor-element elementor-element-72341cb\" data-id=\"72341cb\" data-element_type=\"column\">\n\t\t\t<div class=\"elementor-widget-wrap elementor-element-populated\">\n\t\t\t\t\t\t\t\t<div class=\"elementor-element elementor-element-3711532 elementor-widget elementor-widget-text-editor\" data-id=\"3711532\" data-element_type=\"widget\" data-widget_type=\"text-editor.default\">\n\t\t\t\t<div class=\"elementor-widget-container\">\n\t\t\t<style>\/*! elementor - v3.8.1 - 13-11-2022 *\/\n.elementor-widget-text-editor.elementor-drop-cap-view-stacked .elementor-drop-cap{background-color:#818a91;color:#fff}.elementor-widget-text-editor.elementor-drop-cap-view-framed .elementor-drop-cap{color:#818a91;border:3px solid;background-color:transparent}.elementor-widget-text-editor:not(.elementor-drop-cap-view-default) .elementor-drop-cap{margin-top:8px}.elementor-widget-text-editor:not(.elementor-drop-cap-view-default) .elementor-drop-cap-letter{width:1em;height:1em}.elementor-widget-text-editor .elementor-drop-cap{float:left;text-align:center;line-height:1;font-size:50px}.elementor-widget-text-editor .elementor-drop-cap-letter{display:inline-block}<\/style>\t\t\t\t<p>Kumba\u011f je grad u centralnom okrugu pokrajine Tekirda\u011f, Turska. Nalazi se na obali Mramornog mora Rumelija, ju\u017eno od Tekirda\u011fa na 41\u00b052\u2032N 27\u00b028\u2032E. Udaljenost do Tekirda\u011fa je 13 kilometara. Kumbag je 2011. imao 2069 stanovnika, ali ljeti, u toku turisti\u010dke sezone broj stanovnika i posjetilaca se pove\u0107a za preko deset puta. Grad je bio gr\u010dko ribarsko selo po imenu Kumbos ili Krisampelos prije Balkanskih ratova.<\/p>\t\t\t\t\t\t<\/div>\n\t\t\t\t<\/div>\n\t\t\t\t\t<\/div>\n\t\t<\/div>\n\t\t\t\t\t\t\t<\/div>\n\t\t<\/section>\n\t\t\t\t<section class=\"elementor-section elementor-top-section elementor-element elementor-element-085655a elementor-section-boxed elementor-section-height-default elementor-section-height-default\" data-id=\"085655a\" data-element_type=\"section\">\n\t\t\t\t\t\t<div class=\"elementor-container elementor-column-gap-default\">\n\t\t\t\t\t<div class=\"elementor-column elementor-col-50 elementor-top-column elementor-element elementor-element-19b1f21\" data-id=\"19b1f21\" data-element_type=\"column\">\n\t\t\t<div class=\"elementor-widget-wrap elementor-element-populated\">\n\t\t\t\t\t\t\t\t<div class=\"elementor-element elementor-element-feb3198 gallery-spacing-custom elementor-invisible elementor-widget elementor-widget-image-gallery\" data-id=\"feb3198\" data-element_type=\"widget\" data-settings=\"{&quot;_animation&quot;:&quot;fadeIn&quot;}\" data-widget_type=\"image-gallery.default\">\n\t\t\t\t<div class=\"elementor-widget-container\">\n\t\t\t<style>\/*! elementor - v3.8.1 - 13-11-2022 *\/\n.elementor-image-gallery .gallery-item{display:inline-block;text-align:center;vertical-align:top;width:100%;max-width:100%;margin:0 auto}.elementor-image-gallery .gallery-item img{margin:0 auto}.elementor-image-gallery .gallery-item .gallery-caption{margin:0}.elementor-image-gallery figure img{display:block}.elementor-image-gallery figure figcaption{width:100%}.gallery-spacing-custom .elementor-image-gallery .gallery-icon{padding:0}@media (min-width:768px){.elementor-image-gallery .gallery-columns-2 .gallery-item{max-width:50%}.elementor-image-gallery .gallery-columns-3 .gallery-item{max-width:33.33%}.elementor-image-gallery .gallery-columns-4 .gallery-item{max-width:25%}.elementor-image-gallery .gallery-columns-5 .gallery-item{max-width:20%}.elementor-image-gallery .gallery-columns-6 .gallery-item{max-width:16.666%}.elementor-image-gallery .gallery-columns-7 .gallery-item{max-width:14.28%}.elementor-image-gallery .gallery-columns-8 .gallery-item{max-width:12.5%}.elementor-image-gallery .gallery-columns-9 .gallery-item{max-width:11.11%}.elementor-image-gallery .gallery-columns-10 .gallery-item{max-width:10%}}@media (min-width:480px) and (max-width:767px){.elementor-image-gallery .gallery.gallery-columns-2 .gallery-item,.elementor-image-gallery .gallery.gallery-columns-3 .gallery-item,.elementor-image-gallery .gallery.gallery-columns-4 .gallery-item,.elementor-image-gallery .gallery.gallery-columns-5 .gallery-item,.elementor-image-gallery .gallery.gallery-columns-6 .gallery-item,.elementor-image-gallery .gallery.gallery-columns-7 .gallery-item,.elementor-image-gallery .gallery.gallery-columns-8 .gallery-item,.elementor-image-gallery .gallery.gallery-columns-9 .gallery-item,.elementor-image-gallery .gallery.gallery-columns-10 .gallery-item{max-width:50%}}@media (max-width:479px){.elementor-image-gallery .gallery.gallery-columns-2 .gallery-item,.elementor-image-gallery .gallery.gallery-columns-3 .gallery-item,.elementor-image-gallery .gallery.gallery-columns-4 .gallery-item,.elementor-image-gallery .gallery.gallery-columns-5 .gallery-item,.elementor-image-gallery .gallery.gallery-columns-6 .gallery-item,.elementor-image-gallery .gallery.gallery-columns-7 .gallery-item,.elementor-image-gallery .gallery.gallery-columns-8 .gallery-item,.elementor-image-gallery .gallery.gallery-columns-9 .gallery-item,.elementor-image-gallery .gallery.gallery-columns-10 .gallery-item{max-width:100%}}<\/style>\t\t<div class=\"elementor-image-gallery\">\n\t\t\t<div id='gallery-1' class='gallery galleryid-1449 gallery-columns-5 gallery-size-thumbnail'><figure class='gallery-item'>\n\t\t\t<div class='gallery-icon landscape'>\n\t\t\t\t<a data-elementor-open-lightbox=\"yes\" data-elementor-lightbox-slideshow=\"feb3198\" data-elementor-lightbox-title=\"234-kumbag-photos\" e-action-hash=\"#elementor-action%3Aaction%3Dlightbox%26settings%3DeyJpZCI6MTQ2MSwidXJsIjoiaHR0cHM6XC9cL3N0YW51dHVyc2tvai5jb21cL3dwLWNvbnRlbnRcL3VwbG9hZHNcLzIwMjJcLzEyXC8yMzQta3VtYmFnLXBob3Rvcy53ZWJwIiwic2xpZGVzaG93IjoiZmViMzE5OCJ9\" href='https:\/\/stanuturskoj.com\/wp-content\/uploads\/2022\/12\/234-kumbag-photos.webp'><img width=\"150\" height=\"150\" src=\"https:\/\/stanuturskoj.com\/wp-content\/uploads\/2022\/12\/234-kumbag-photos-150x150.webp\" class=\"attachment-thumbnail size-thumbnail\" alt=\"\" loading=\"lazy\" \/><\/a>\n\t\t\t<\/div><\/figure><figure class='gallery-item'>\n\t\t\t<div class='gallery-icon portrait'>\n\t\t\t\t<a data-elementor-open-lightbox=\"yes\" data-elementor-lightbox-slideshow=\"feb3198\" data-elementor-lightbox-title=\"231-kumbag-photos\" e-action-hash=\"#elementor-action%3Aaction%3Dlightbox%26settings%3DeyJpZCI6MTQ2MCwidXJsIjoiaHR0cHM6XC9cL3N0YW51dHVyc2tvai5jb21cL3dwLWNvbnRlbnRcL3VwbG9hZHNcLzIwMjJcLzEyXC8yMzEta3VtYmFnLXBob3Rvcy53ZWJwIiwic2xpZGVzaG93IjoiZmViMzE5OCJ9\" href='https:\/\/stanuturskoj.com\/wp-content\/uploads\/2022\/12\/231-kumbag-photos.webp'><img width=\"150\" height=\"150\" src=\"https:\/\/stanuturskoj.com\/wp-content\/uploads\/2022\/12\/231-kumbag-photos-150x150.webp\" class=\"attachment-thumbnail size-thumbnail\" alt=\"\" loading=\"lazy\" \/><\/a>\n\t\t\t<\/div><\/figure><figure class='gallery-item'>\n\t\t\t<div class='gallery-icon landscape'>\n\t\t\t\t<a data-elementor-open-lightbox=\"yes\" data-elementor-lightbox-slideshow=\"feb3198\" data-elementor-lightbox-title=\"Kumbag\" e-action-hash=\"#elementor-action%3Aaction%3Dlightbox%26settings%3DeyJpZCI6MTQzOSwidXJsIjoiaHR0cHM6XC9cL3N0YW51dHVyc2tvai5jb21cL3dwLWNvbnRlbnRcL3VwbG9hZHNcLzIwMjJcLzEyXC9LdW1iYWctMS5qcGciLCJzbGlkZXNob3ciOiJmZWIzMTk4In0%3D\" href='https:\/\/stanuturskoj.com\/wp-content\/uploads\/2022\/12\/Kumbag-1.jpg'><img width=\"150\" height=\"150\" src=\"https:\/\/stanuturskoj.com\/wp-content\/uploads\/2022\/12\/Kumbag-1-150x150.jpg\" class=\"attachment-thumbnail size-thumbnail\" alt=\"\" loading=\"lazy\" \/><\/a>\n\t\t\t<\/div><\/figure><figure class='gallery-item'>\n\t\t\t<div class='gallery-icon landscape'>\n\t\t\t\t<a data-elementor-open-lightbox=\"yes\" data-elementor-lightbox-slideshow=\"feb3198\" data-elementor-lightbox-title=\"224-kumbag-photos\" e-action-hash=\"#elementor-action%3Aaction%3Dlightbox%26settings%3DeyJpZCI6MTQ1NSwidXJsIjoiaHR0cHM6XC9cL3N0YW51dHVyc2tvai5jb21cL3dwLWNvbnRlbnRcL3VwbG9hZHNcLzIwMjJcLzEyXC8yMjQta3VtYmFnLXBob3Rvcy53ZWJwIiwic2xpZGVzaG93IjoiZmViMzE5OCJ9\" href='https:\/\/stanuturskoj.com\/wp-content\/uploads\/2022\/12\/224-kumbag-photos.webp'><img width=\"150\" height=\"150\" src=\"https:\/\/stanuturskoj.com\/wp-content\/uploads\/2022\/12\/224-kumbag-photos-150x150.webp\" class=\"attachment-thumbnail size-thumbnail\" alt=\"\" loading=\"lazy\" \/><\/a>\n\t\t\t<\/div><\/figure><figure class='gallery-item'>\n\t\t\t<div class='gallery-icon landscape'>\n\t\t\t\t<a data-elementor-open-lightbox=\"yes\" data-elementor-lightbox-slideshow=\"feb3198\" data-elementor-lightbox-title=\"225-kumbag-photos\" e-action-hash=\"#elementor-action%3Aaction%3Dlightbox%26settings%3DeyJpZCI6MTQ1NiwidXJsIjoiaHR0cHM6XC9cL3N0YW51dHVyc2tvai5jb21cL3dwLWNvbnRlbnRcL3VwbG9hZHNcLzIwMjJcLzEyXC8yMjUta3VtYmFnLXBob3Rvcy53ZWJwIiwic2xpZGVzaG93IjoiZmViMzE5OCJ9\" href='https:\/\/stanuturskoj.com\/wp-content\/uploads\/2022\/12\/225-kumbag-photos.webp'><img width=\"150\" height=\"150\" src=\"https:\/\/stanuturskoj.com\/wp-content\/uploads\/2022\/12\/225-kumbag-photos-150x150.webp\" class=\"attachment-thumbnail size-thumbnail\" alt=\"\" loading=\"lazy\" \/><\/a>\n\t\t\t<\/div><\/figure><figure class='gallery-item'>\n\t\t\t<div class='gallery-icon landscape'>\n\t\t\t\t<a data-elementor-open-lightbox=\"yes\" data-elementor-lightbox-slideshow=\"feb3198\" data-elementor-lightbox-title=\"226-kumbag-photos\" e-action-hash=\"#elementor-action%3Aaction%3Dlightbox%26settings%3DeyJpZCI6MTQ1NywidXJsIjoiaHR0cHM6XC9cL3N0YW51dHVyc2tvai5jb21cL3dwLWNvbnRlbnRcL3VwbG9hZHNcLzIwMjJcLzEyXC8yMjYta3VtYmFnLXBob3Rvcy53ZWJwIiwic2xpZGVzaG93IjoiZmViMzE5OCJ9\" href='https:\/\/stanuturskoj.com\/wp-content\/uploads\/2022\/12\/226-kumbag-photos.webp'><img width=\"150\" height=\"150\" src=\"https:\/\/stanuturskoj.com\/wp-content\/uploads\/2022\/12\/226-kumbag-photos-150x150.webp\" class=\"attachment-thumbnail size-thumbnail\" alt=\"\" loading=\"lazy\" \/><\/a>\n\t\t\t<\/div><\/figure><figure class='gallery-item'>\n\t\t\t<div class='gallery-icon landscape'>\n\t\t\t\t<a data-elementor-open-lightbox=\"yes\" data-elementor-lightbox-slideshow=\"feb3198\" data-elementor-lightbox-title=\"228-kumbag-photos\" e-action-hash=\"#elementor-action%3Aaction%3Dlightbox%26settings%3DeyJpZCI6MTQ1OCwidXJsIjoiaHR0cHM6XC9cL3N0YW51dHVyc2tvai5jb21cL3dwLWNvbnRlbnRcL3VwbG9hZHNcLzIwMjJcLzEyXC8yMjgta3VtYmFnLXBob3Rvcy53ZWJwIiwic2xpZGVzaG93IjoiZmViMzE5OCJ9\" href='https:\/\/stanuturskoj.com\/wp-content\/uploads\/2022\/12\/228-kumbag-photos.webp'><img width=\"150\" height=\"150\" src=\"https:\/\/stanuturskoj.com\/wp-content\/uploads\/2022\/12\/228-kumbag-photos-150x150.webp\" class=\"attachment-thumbnail size-thumbnail\" alt=\"\" loading=\"lazy\" \/><\/a>\n\t\t\t<\/div><\/figure><figure class='gallery-item'>\n\t\t\t<div class='gallery-icon landscape'>\n\t\t\t\t<a data-elementor-open-lightbox=\"yes\" data-elementor-lightbox-slideshow=\"feb3198\" data-elementor-lightbox-title=\"230-kumbag-photos\" e-action-hash=\"#elementor-action%3Aaction%3Dlightbox%26settings%3DeyJpZCI6MTQ1OSwidXJsIjoiaHR0cHM6XC9cL3N0YW51dHVyc2tvai5jb21cL3dwLWNvbnRlbnRcL3VwbG9hZHNcLzIwMjJcLzEyXC8yMzAta3VtYmFnLXBob3Rvcy53ZWJwIiwic2xpZGVzaG93IjoiZmViMzE5OCJ9\" href='https:\/\/stanuturskoj.com\/wp-content\/uploads\/2022\/12\/230-kumbag-photos.webp'><img width=\"150\" height=\"150\" src=\"https:\/\/stanuturskoj.com\/wp-content\/uploads\/2022\/12\/230-kumbag-photos-150x150.webp\" class=\"attachment-thumbnail size-thumbnail\" alt=\"\" loading=\"lazy\" \/><\/a>\n\t\t\t<\/div><\/figure><figure class='gallery-item'>\n\t\t\t<div class='gallery-icon portrait'>\n\t\t\t\t<a data-elementor-open-lightbox=\"yes\" data-elementor-lightbox-slideshow=\"feb3198\" data-elementor-lightbox-title=\"SLIKA6\" e-action-hash=\"#elementor-action%3Aaction%3Dlightbox%26settings%3DeyJpZCI6MTQ0NSwidXJsIjoiaHR0cHM6XC9cL3N0YW51dHVyc2tvai5jb21cL3dwLWNvbnRlbnRcL3VwbG9hZHNcLzIwMjJcLzEyXC9TTElLQTYuanBnIiwic2xpZGVzaG93IjoiZmViMzE5OCJ9\" href='https:\/\/stanuturskoj.com\/wp-content\/uploads\/2022\/12\/SLIKA6.jpg'><img width=\"150\" height=\"150\" src=\"https:\/\/stanuturskoj.com\/wp-content\/uploads\/2022\/12\/SLIKA6-150x150.jpg\" class=\"attachment-thumbnail size-thumbnail\" alt=\"\" loading=\"lazy\" \/><\/a>\n\t\t\t<\/div><\/figure><figure class='gallery-item'>\n\t\t\t<div class='gallery-icon portrait'>\n\t\t\t\t<a data-elementor-open-lightbox=\"yes\" data-elementor-lightbox-slideshow=\"feb3198\" data-elementor-lightbox-title=\"SLIKA5\" e-action-hash=\"#elementor-action%3Aaction%3Dlightbox%26settings%3DeyJpZCI6MTQ0NCwidXJsIjoiaHR0cHM6XC9cL3N0YW51dHVyc2tvai5jb21cL3dwLWNvbnRlbnRcL3VwbG9hZHNcLzIwMjJcLzEyXC9TTElLQTUuanBnIiwic2xpZGVzaG93IjoiZmViMzE5OCJ9\" href='https:\/\/stanuturskoj.com\/wp-content\/uploads\/2022\/12\/SLIKA5.jpg'><img width=\"150\" height=\"150\" src=\"https:\/\/stanuturskoj.com\/wp-content\/uploads\/2022\/12\/SLIKA5-150x150.jpg\" class=\"attachment-thumbnail size-thumbnail\" alt=\"\" loading=\"lazy\" \/><\/a>\n\t\t\t<\/div><\/figure><figure class='gallery-item'>\n\t\t\t<div class='gallery-icon portrait'>\n\t\t\t\t<a data-elementor-open-lightbox=\"yes\" data-elementor-lightbox-slideshow=\"feb3198\" data-elementor-lightbox-title=\"SLIKA3\" e-action-hash=\"#elementor-action%3Aaction%3Dlightbox%26settings%3DeyJpZCI6MTQ0MywidXJsIjoiaHR0cHM6XC9cL3N0YW51dHVyc2tvai5jb21cL3dwLWNvbnRlbnRcL3VwbG9hZHNcLzIwMjJcLzEyXC9TTElLQTMuanBnIiwic2xpZGVzaG93IjoiZmViMzE5OCJ9\" href='https:\/\/stanuturskoj.com\/wp-content\/uploads\/2022\/12\/SLIKA3.jpg'><img width=\"150\" height=\"150\" src=\"https:\/\/stanuturskoj.com\/wp-content\/uploads\/2022\/12\/SLIKA3-150x150.jpg\" class=\"attachment-thumbnail size-thumbnail\" alt=\"\" loading=\"lazy\" \/><\/a>\n\t\t\t<\/div><\/figure><figure class='gallery-item'>\n\t\t\t<div class='gallery-icon portrait'>\n\t\t\t\t<a data-elementor-open-lightbox=\"yes\" data-elementor-lightbox-slideshow=\"feb3198\" data-elementor-lightbox-title=\"SLIKA2\" e-action-hash=\"#elementor-action%3Aaction%3Dlightbox%26settings%3DeyJpZCI6MTQ0MiwidXJsIjoiaHR0cHM6XC9cL3N0YW51dHVyc2tvai5jb21cL3dwLWNvbnRlbnRcL3VwbG9hZHNcLzIwMjJcLzEyXC9TTElLQTIuanBnIiwic2xpZGVzaG93IjoiZmViMzE5OCJ9\" href='https:\/\/stanuturskoj.com\/wp-content\/uploads\/2022\/12\/SLIKA2.jpg'><img width=\"150\" height=\"150\" src=\"https:\/\/stanuturskoj.com\/wp-content\/uploads\/2022\/12\/SLIKA2-150x150.jpg\" class=\"attachment-thumbnail size-thumbnail\" alt=\"\" loading=\"lazy\" \/><\/a>\n\t\t\t<\/div><\/figure><figure class='gallery-item'>\n\t\t\t<div class='gallery-icon portrait'>\n\t\t\t\t<a data-elementor-open-lightbox=\"yes\" data-elementor-lightbox-slideshow=\"feb3198\" data-elementor-lightbox-title=\"SLIKA1\" e-action-hash=\"#elementor-action%3Aaction%3Dlightbox%26settings%3DeyJpZCI6MTQ0MSwidXJsIjoiaHR0cHM6XC9cL3N0YW51dHVyc2tvai5jb21cL3dwLWNvbnRlbnRcL3VwbG9hZHNcLzIwMjJcLzEyXC9TTElLQTEuanBnIiwic2xpZGVzaG93IjoiZmViMzE5OCJ9\" href='https:\/\/stanuturskoj.com\/wp-content\/uploads\/2022\/12\/SLIKA1.jpg'><img width=\"150\" height=\"150\" src=\"https:\/\/stanuturskoj.com\/wp-content\/uploads\/2022\/12\/SLIKA1-150x150.jpg\" class=\"attachment-thumbnail size-thumbnail\" alt=\"\" loading=\"lazy\" \/><\/a>\n\t\t\t<\/div><\/figure><figure class='gallery-item'>\n\t\t\t<div class='gallery-icon portrait'>\n\t\t\t\t<a data-elementor-open-lightbox=\"yes\" data-elementor-lightbox-slideshow=\"feb3198\" data-elementor-lightbox-title=\"SLIKA 4\" e-action-hash=\"#elementor-action%3Aaction%3Dlightbox%26settings%3DeyJpZCI6MTQ0MCwidXJsIjoiaHR0cHM6XC9cL3N0YW51dHVyc2tvai5jb21cL3dwLWNvbnRlbnRcL3VwbG9hZHNcLzIwMjJcLzEyXC9TTElLQS00LmpwZyIsInNsaWRlc2hvdyI6ImZlYjMxOTgifQ%3D%3D\" href='https:\/\/stanuturskoj.com\/wp-content\/uploads\/2022\/12\/SLIKA-4.jpg'><img width=\"150\" height=\"150\" src=\"https:\/\/stanuturskoj.com\/wp-content\/uploads\/2022\/12\/SLIKA-4-150x150.jpg\" class=\"attachment-thumbnail size-thumbnail\" alt=\"\" loading=\"lazy\" \/><\/a>\n\t\t\t<\/div><\/figure>\n\t\t<\/div>\n\t\t<\/div>\n\t\t\t\t<\/div>\n\t\t\t\t<\/div>\n\t\t\t\t\t<\/div>\n\t\t<\/div>\n\t\t\t\t<div class=\"elementor-column elementor-col-50 elementor-top-column elementor-element elementor-element-9df82ca\" data-id=\"9df82ca\" data-element_type=\"column\">\n\t\t\t<div class=\"elementor-widget-wrap elementor-element-populated\">\n\t\t\t\t\t\t\t\t<div class=\"elementor-element elementor-element-a4b9b04 elementor-aspect-ratio-169 elementor-widget elementor-widget-video\" data-id=\"a4b9b04\" data-element_type=\"widget\" data-settings=\"{&quot;youtube_url&quot;:&quot;https:\\\/\\\/www.youtube.com\\\/watch?v=jG31p80de6o&quot;,&quot;video_type&quot;:&quot;youtube&quot;,&quot;controls&quot;:&quot;yes&quot;,&quot;aspect_ratio&quot;:&quot;169&quot;}\" data-widget_type=\"video.default\">\n\t\t\t\t<div class=\"elementor-widget-container\">\n\t\t\t<style>\/*! elementor - v3.8.1 - 13-11-2022 *\/\n.elementor-widget-video .elementor-widget-container{overflow:hidden;-webkit-transform:translateZ(0);transform:translateZ(0)}.elementor-widget-video .elementor-open-inline .elementor-custom-embed-image-overlay{position:absolute;top:0;left:0;width:100%;height:100%;background-size:cover;background-position:50%}.elementor-widget-video .elementor-custom-embed-image-overlay{cursor:pointer;text-align:center}.elementor-widget-video .elementor-custom-embed-image-overlay:hover .elementor-custom-embed-play i{opacity:1}.elementor-widget-video .elementor-custom-embed-image-overlay img{display:block;width:100%}.elementor-widget-video .e-hosted-video .elementor-video{-o-object-fit:cover;object-fit:cover}.e-con-inner>.elementor-widget-video,.e-con>.elementor-widget-video{width:var(--container-widget-width,100%)}<\/style>\t\t<div class=\"elementor-wrapper elementor-fit-aspect-ratio elementor-open-inline\">\n\t\t\t<div class=\"elementor-video\"><\/div>\t\t<\/div>\n\t\t\t\t<\/div>\n\t\t\t\t<\/div>\n\t\t\t\t\t<\/div>\n\t\t<\/div>\n\t\t\t\t\t\t\t<\/div>\n\t\t<\/section>\n\t\t\t\t\t\t\t<\/div>\n\t\t","protected":false},"excerpt":{"rendered":"<p>Kumba\u011f je grad u centralnom okrugu pokrajine Tekirda\u011f, Turska. Nalazi se na obali Mramornog mora Rumelija, ju\u017eno od Tekirda\u011fa na 41\u00b052\u2032N 27\u00b028\u2032E. Udaljenost do Tekirda\u011fa je 13 kilometara. Kumbag je 2011. imao 2069 stanovnika, ali ljeti, u toku turisti\u010dke sezone &hellip;<\/p>\n<p class=\"read-more\"> <a class=\"more-link\" href=\"https:\/\/stanuturskoj.com\/index.php\/kumbag\/\"> <span class=\"screen-reader-text\">KUMBAG<\/span> Read More &raquo;<\/a><\/p>\n","protected":false},"author":1,"featured_media":0,"parent":0,"menu_order":0,"comment_status":"closed","ping_status":"closed","template":"full-width-page.php","meta":{"om_disable_all_campaigns":false,"_monsterinsights_skip_tracking":false,"_monsterinsights_sitenote_active":false,"_monsterinsights_sitenote_note":"","_monsterinsights_sitenote_category":0},"aioseo_notices":[],"_links":{"self":[{"href":"https:\/\/stanuturskoj.com\/index.php\/wp-json\/wp\/v2\/pages\/1449"}],"collection":[{"href":"https:\/\/stanuturskoj.com\/index.php\/wp-json\/wp\/v2\/pages"}],"about":[{"href":"https:\/\/stanuturskoj.com\/index.php\/wp-json\/wp\/v2\/types\/page"}],"author":[{"embeddable":true,"href":"https:\/\/stanuturskoj.com\/index.php\/wp-json\/wp\/v2\/users\/1"}],"replies":[{"embeddable":true,"href":"https:\/\/stanuturskoj.com\/index.php\/wp-json\/wp\/v2\/comments?post=1449"}],"version-history":[{"count":7,"href":"https:\/\/stanuturskoj.com\/index.php\/wp-json\/wp\/v2\/pages\/1449\/revisions"}],"predecessor-version":[{"id":1464,"href":"https:\/\/stanuturskoj.com\/index.php\/wp-json\/wp\/v2\/pages\/1449\/revisions\/1464"}],"wp:attachment":[{"href":"https:\/\/stanuturskoj.com\/index.php\/wp-json\/wp\/v2\/media?parent=1449"}],"curies":[{"name":"wp","href":"https:\/\/api.w.org\/{rel}","templated":true}]}}